{"id":7,"date":"2026-02-19T23:22:19","date_gmt":"2026-02-19T23:22:19","guid":{"rendered":"https:\/\/antalyafiberglass.com.tr\/?page_id=7"},"modified":"2026-02-21T01:22:48","modified_gmt":"2026-02-21T01:22:48","slug":"antalya-fiberglass-uretimi","status":"publish","type":"page","link":"https:\/\/antalyafiberglass.com.tr\/index.php\/antalya-fiberglass-uretimi\/","title":{"rendered":"Hakk\u0131nda"},"content":{"rendered":"\n<h2 class=\"wp-block-heading\"><strong>Antalya Fiberglass \u00dcretimi ve Kurumsal \u00c7\u00f6z\u00fcmler<\/strong><\/h2>\n\n\n\n<p><strong>Antalya fiberglass \u00fcretimi<\/strong> dendi\u011finde, sekt\u00f6rde g\u00fcven ve profesyonel i\u015f\u00e7ilik her zaman \u00f6n planda olmal\u0131d\u0131r. <strong>Tacettin Ayd\u0131m \u2013 <a href=\"https:\/\/expressfiberglass.com\/hakkinda\/\" type=\"link\" id=\"https:\/\/expressfiberglass.com\/hakkinda\/\">Express Fiberglass<\/a> Antalya<\/strong> olarak biz, Antalya merkezli \u00fcretim altyap\u0131m\u0131zla bu standartlar\u0131 en \u00fcst seviyeye ta\u015f\u0131yoruz. Firmam\u0131z; fiber saks\u0131 imalat\u0131 ve su kayd\u0131ra\u011f\u0131 \u00fcretimi gibi alanlarda uzmanla\u015fm\u0131\u015ft\u0131r. <strong>\u00d6zellikle<\/strong> belirtmeliyiz ki; temel amac\u0131m\u0131z, Antalya\u2019n\u0131n zorlu iklimine meydan okuyan uzun \u00f6m\u00fcrl\u00fc projeler \u00fcretmektir. <strong>Bu nedenle<\/strong> her projemizde en kaliteli ham maddeleri kullanmaya \u00f6zen g\u00f6steriyoruz.<\/p>\n\n\n\n<h3 class=\"wp-block-heading\"><strong>Antalya\u2019da Fiberglass \u00dcretiminin Teknik G\u00fcc\u00fc<\/strong><\/h3>\n\n\n\n<p>Antalya\u2019n\u0131n yak\u0131c\u0131 s\u0131ca\u011f\u0131 ve y\u00fcksek nem oran\u0131, standart malzemeler i\u00e7in olduk\u00e7a y\u0131prat\u0131c\u0131d\u0131r. <strong>Bu durumun bir sonucu olarak<\/strong>, b\u00f6lgede kullan\u0131lacak \u00fcr\u00fcnlerin \u00fcretiminde teknik bilgi hayati \u00f6nem ta\u015f\u0131r. Biz, \u00fcretim s\u00fcre\u00e7lerimizde \u015fu ad\u0131mlar\u0131 b\u00fcy\u00fck bir titizlikle takip ediyoruz:<\/p>\n\n\n\n<ul class=\"wp-block-list\">\n<li><strong>Y\u00fcksek Mukavemet:<\/strong> \u00dcretimlerimizde her zaman y\u00fcksek mukavemetli cam elyaf\u0131 kullan\u0131yoruz. <strong>Ayr\u0131ca<\/strong> bu sayede \u00fcr\u00fcnlerin darbe dayan\u0131m\u0131n\u0131 art\u0131r\u0131yoruz.<\/li>\n\n\n\n<li><strong>UV Korumas\u0131:<\/strong> G\u00fcne\u015f \u0131\u015f\u0131nlar\u0131na kar\u015f\u0131 diren\u00e7li \u00f6zel re\u00e7ineleri tercih ediyoruz. <strong>\u00c7\u00fcnk\u00fc<\/strong> UV korumas\u0131 olmayan \u00fcr\u00fcnler zamanla renk kayb\u0131 ya\u015far.<\/li>\n\n\n\n<li><strong>Hassas Kontrol:<\/strong> Her a\u015famada titizlikle kal\u0131nl\u0131k kontrolleri ger\u00e7ekle\u015ftiriyoruz. <strong>B\u00f6ylece<\/strong> yap\u0131sal zay\u0131fl\u0131klar\u0131n \u00f6n\u00fcne ge\u00e7iyoruz.<\/li>\n\n\n\n<li><strong>Uzun \u00d6m\u00fcrl\u00fc Y\u00fczeyler:<\/strong> Parlakl\u0131\u011f\u0131n\u0131 y\u0131llarca koruyan jelcoat uygulamalar\u0131 yap\u0131yoruz. <strong>Bununla birlikte<\/strong> estetik g\u00f6r\u00fcn\u00fcmden asla taviz vermiyoruz.<\/li>\n<\/ul>\n\n\n\n<h3 class=\"wp-block-heading\"><strong>Hizmet Alanlar\u0131m\u0131z ve \u00dcretim Kapasitemiz<\/strong><\/h3>\n\n\n\n<p><strong>Express Fiberglass Antalya<\/strong> olarak, geni\u015f bir yelpazede profesyonel hizmet sunuyoruz. <strong>Buna ek olarak<\/strong>, \u00fcretim portf\u00f6y\u00fcm\u00fcz\u00fc \u015fu \u015fekilde detayland\u0131rabiliriz:<\/p>\n\n\n\n<ol start=\"1\" class=\"wp-block-list\">\n<li><strong>Antalya Fiber <a href=\"https:\/\/antalyafiberglass.com.tr\/index.php\/saksi\/\" type=\"link\" id=\"https:\/\/antalyafiberglass.com.tr\/index.php\/saksi\/\">Saks\u0131<\/a> \u00dcretimi:<\/strong> Modern mimariye uygun saks\u0131lar tasarl\u0131yoruz. <strong>\u00dcstelik<\/strong> otel ve villa projelerine \u00f6zel \u00f6l\u00e7\u00fc se\u00e7enekleri sa\u011fl\u0131yoruz.<\/li>\n\n\n\n<li><strong>Antalya Polyester \u00dcr\u00fcn \u0130malat\u0131:<\/strong> Dekoratif objelerden end\u00fcstriyel \u00e7\u00f6z\u00fcmlere kadar her t\u00fcrl\u00fc ihtiyaca cevap veriyoruz. <strong>Zira<\/strong> polyesterin esnek yap\u0131s\u0131 bize s\u0131n\u0131rs\u0131z tasar\u0131m imkan\u0131 sunuyor.<\/li>\n\n\n\n<li><strong>Antalya Su Kayd\u0131ra\u011f\u0131 \u00dcretimi ve Tamiri:<\/strong> Turizm sekt\u00f6r\u00fcne \u00f6zel bak\u0131m ve y\u00fczey yenileme hizmetleri veriyoruz. <strong>Ayn\u0131 zamanda<\/strong> eskiyen kayd\u0131raklar\u0131 ilk g\u00fcnk\u00fc formuna kavu\u015fturuyoruz.<\/li>\n<\/ol>\n\n\n\n<h3 class=\"wp-block-heading\"><strong>Neden Bizi Tercih Etmelisiniz?<\/strong><\/h3>\n\n\n\n<p><strong>\u00d6ncelikle<\/strong> belirtmek gerekir ki; Antalya\u2019da fiberglass ustas\u0131 bulmak kolayd\u0131r ancak sistemli \u00e7al\u0131\u015fan bir firma bulmak zordur. Bizim fark\u0131m\u0131z, projenize \u00f6zel kal\u0131p sistemleri geli\u015ftirerek \u015feffaf fiyatland\u0131rma sunmam\u0131zd\u0131r. <strong>K\u0131sacas\u0131<\/strong>, haz\u0131r \u00fcr\u00fcn sat\u0131\u015f\u0131 yapmak yerine, do\u011frudan sizin ihtiyac\u0131n\u0131za y\u00f6nelik projeler geli\u015ftiriyoruz. <strong>Sonu\u00e7 olarak<\/strong> Express <a href=\"https:\/\/antalyafiberglass.com.tr\/index.php\/fiberglass-nedir-kullanim-alanlari\/\" type=\"link\" id=\"https:\/\/antalyafiberglass.com.tr\/index.php\/fiberglass-nedir-kullanim-alanlari\/\">Fiberglass<\/a>, b\u00f6lgedeki en g\u00fcvenilir \u00e7\u00f6z\u00fcm orta\u011f\u0131n\u0131z olmay\u0131 s\u00fcrd\u00fcr\u00fcyor.<\/p>\n\n\n\n<blockquote class=\"wp-block-quote is-layout-flow wp-block-quote-is-layout-flow\">\n<p><strong>Projenizi Bizimle Payla\u015f\u0131n!<\/strong> <strong>\u00c7\u00fcnk\u00fc<\/strong> hayalinizdeki tasar\u0131m\u0131 fiberglass\u0131n g\u00fcc\u00fcyle hayata ge\u00e7irmek bizim i\u015fimiz. \ud83d\udcde <strong>\u0130leti\u015fim:<\/strong> 0536 070 89 61<\/p>\n<\/blockquote>\n\n\n\n<p><\/p>\n\n\n\n<figure class=\"wp-block-image size-full\"><img loading=\"lazy\" decoding=\"async\" width=\"1024\" height=\"1024\" src=\"https:\/\/antalyafiberglass.com.tr\/wp-content\/uploads\/2026\/02\/express-fiberglass-hakkimizda.jp_.png\" alt=\"&quot;Antalya Express Fiberglass fabrikas\u0131nda \u00fcretilen fiber saks\u0131, \u015fezlong, kubbe ve aquapark ekipmanlar\u0131.&quot;\" class=\"wp-image-97\" srcset=\"https:\/\/antalyafiberglass.com.tr\/wp-content\/uploads\/2026\/02\/express-fiberglass-hakkimizda.jp_.png 1024w, https:\/\/antalyafiberglass.com.tr\/wp-content\/uploads\/2026\/02\/express-fiberglass-hakkimizda.jp_-300x300.png 300w, https:\/\/antalyafiberglass.com.tr\/wp-content\/uploads\/2026\/02\/express-fiberglass-hakkimizda.jp_-150x150.png 150w, https:\/\/antalyafiberglass.com.tr\/wp-content\/uploads\/2026\/02\/express-fiberglass-hakkimizda.jp_-768x768.png 768w\" sizes=\"auto, (max-width: 1024px) 100vw, 1024px\" \/><\/figure>\n","protected":false},"excerpt":{"rendered":"<p>Antalya Fiberglass \u00dcretimi ve Kurumsal \u00c7\u00f6z\u00fcmler Antalya fiberglass \u00fcretimi dendi\u011finde, sekt\u00f6rde g\u00fcven ve profesyonel i\u015f\u00e7ilik her zaman \u00f6n planda olmal\u0131d\u0131r. Tacettin Ayd\u0131m \u2013 Express Fiberglass Antalya olarak biz, Antalya merkezli&hellip;<\/p>\n","protected":false},"author":1,"featured_media":95,"parent":0,"menu_order":0,"comment_status":"closed","ping_status":"closed","template":"","meta":{"footnotes":""},"class_list":["post-7","page","type-page","status-publish","has-post-thumbnail","hentry"],"yoast_head":"<!-- This site is optimized with the Yoast SEO plugin v27.2 - https:\/\/yoast.com\/product\/yoast-seo-wordpress\/ -->\n<title>Antalya Fiberglass \u00dcretimi | Tacettin Ayd\u0131m - Express Fiberglass<\/title>\n<meta name=\"description\" content=\"Antalya fiberglass \u00fcretimi ve polyester imalat\u0131nda uzman kadromuzla hizmetinizdeyiz. Tacettin Ayd\u0131m liderli\u011finde fiber saks\u0131, su kayd\u0131ra\u011f\u0131\" \/>\n<meta name=\"robots\" content=\"index, follow, max-snippet:-1, max-image-preview:large, max-video-preview:-1\" \/>\n<link rel=\"canonical\" href=\"https:\/\/antalyafiberglass.com.tr\/index.php\/antalya-fiberglass-uretimi\/\" \/>\n<meta property=\"og:locale\" content=\"tr_TR\" \/>\n<meta property=\"og:type\" content=\"article\" \/>\n<meta property=\"og:title\" content=\"Antalya Fiberglass \u00dcretimi | Tacettin Ayd\u0131m - Express Fiberglass\" \/>\n<meta property=\"og:description\" content=\"Antalya fiberglass \u00fcretimi ve polyester imalat\u0131nda uzman kadromuzla hizmetinizdeyiz. Tacettin Ayd\u0131m liderli\u011finde fiber saks\u0131, su kayd\u0131ra\u011f\u0131\" \/>\n<meta property=\"og:url\" content=\"https:\/\/antalyafiberglass.com.tr\/index.php\/antalya-fiberglass-uretimi\/\" \/>\n<meta property=\"og:site_name\" content=\"Antalya Fiberglass\" \/>\n<meta property=\"article:publisher\" content=\"https:\/\/www.facebook.com\/antalyafiberglass\" \/>\n<meta property=\"article:modified_time\" content=\"2026-02-21T01:22:48+00:00\" \/>\n<meta property=\"og:image\" content=\"https:\/\/antalyafiberglass.com.tr\/wp-content\/uploads\/2026\/02\/antalya-fiberglass-hakkinda.jpg-1.png\" \/>\n\t<meta property=\"og:image:width\" content=\"1024\" \/>\n\t<meta property=\"og:image:height\" content=\"1024\" \/>\n\t<meta property=\"og:image:type\" content=\"image\/png\" \/>\n<meta name=\"twitter:card\" content=\"summary_large_image\" \/>\n<meta name=\"twitter:label1\" content=\"Tahmini okuma s\u00fcresi\" \/>\n\t<meta name=\"twitter:data1\" content=\"3 dakika\" \/>\n<script type=\"application\/ld+json\" class=\"yoast-schema-graph\">{\"@context\":\"https:\/\/schema.org\",\"@graph\":[{\"@type\":\"WebPage\",\"@id\":\"https:\/\/antalyafiberglass.com.tr\/index.php\/antalya-fiberglass-uretimi\/\",\"url\":\"https:\/\/antalyafiberglass.com.tr\/index.php\/antalya-fiberglass-uretimi\/\",\"name\":\"Antalya Fiberglass \u00dcretimi | Tacettin Ayd\u0131m - Express Fiberglass\",\"isPartOf\":{\"@id\":\"https:\/\/antalyafiberglass.com.tr\/#website\"},\"primaryImageOfPage\":{\"@id\":\"https:\/\/antalyafiberglass.com.tr\/index.php\/antalya-fiberglass-uretimi\/#primaryimage\"},\"image\":{\"@id\":\"https:\/\/antalyafiberglass.com.tr\/index.php\/antalya-fiberglass-uretimi\/#primaryimage\"},\"thumbnailUrl\":\"https:\/\/antalyafiberglass.com.tr\/wp-content\/uploads\/2026\/02\/antalya-fiberglass-hakkinda.jpg-1.png\",\"datePublished\":\"2026-02-19T23:22:19+00:00\",\"dateModified\":\"2026-02-21T01:22:48+00:00\",\"description\":\"Antalya fiberglass \u00fcretimi ve polyester imalat\u0131nda uzman kadromuzla hizmetinizdeyiz. Tacettin Ayd\u0131m liderli\u011finde fiber saks\u0131, su kayd\u0131ra\u011f\u0131\",\"breadcrumb\":{\"@id\":\"https:\/\/antalyafiberglass.com.tr\/index.php\/antalya-fiberglass-uretimi\/#breadcrumb\"},\"inLanguage\":\"tr\",\"potentialAction\":[{\"@type\":\"ReadAction\",\"target\":[\"https:\/\/antalyafiberglass.com.tr\/index.php\/antalya-fiberglass-uretimi\/\"]}]},{\"@type\":\"ImageObject\",\"inLanguage\":\"tr\",\"@id\":\"https:\/\/antalyafiberglass.com.tr\/index.php\/antalya-fiberglass-uretimi\/#primaryimage\",\"url\":\"https:\/\/antalyafiberglass.com.tr\/wp-content\/uploads\/2026\/02\/antalya-fiberglass-hakkinda.jpg-1.png\",\"contentUrl\":\"https:\/\/antalyafiberglass.com.tr\/wp-content\/uploads\/2026\/02\/antalya-fiberglass-hakkinda.jpg-1.png\",\"width\":1024,\"height\":1024,\"caption\":\"Y\u00fcksek kapasiteli \u00fcretim hatt\u0131m\u0131z: Antalya'dan t\u00fcm T\u00fcrkiye'ye projeye \u00f6zel fiberglass \u00e7\u00f6z\u00fcmler.\"},{\"@type\":\"BreadcrumbList\",\"@id\":\"https:\/\/antalyafiberglass.com.tr\/index.php\/antalya-fiberglass-uretimi\/#breadcrumb\",\"itemListElement\":[{\"@type\":\"ListItem\",\"position\":1,\"name\":\"Anasayfa\",\"item\":\"https:\/\/antalyafiberglass.com.tr\/\"},{\"@type\":\"ListItem\",\"position\":2,\"name\":\"Hakk\u0131nda\"}]},{\"@type\":\"WebSite\",\"@id\":\"https:\/\/antalyafiberglass.com.tr\/#website\",\"url\":\"https:\/\/antalyafiberglass.com.tr\/\",\"name\":\"Antalya Fiberglass\",\"description\":\"\",\"publisher\":{\"@id\":\"https:\/\/antalyafiberglass.com.tr\/#organization\"},\"potentialAction\":[{\"@type\":\"SearchAction\",\"target\":{\"@type\":\"EntryPoint\",\"urlTemplate\":\"https:\/\/antalyafiberglass.com.tr\/?s={search_term_string}\"},\"query-input\":{\"@type\":\"PropertyValueSpecification\",\"valueRequired\":true,\"valueName\":\"search_term_string\"}}],\"inLanguage\":\"tr\"},{\"@type\":\"Organization\",\"@id\":\"https:\/\/antalyafiberglass.com.tr\/#organization\",\"name\":\"Antalya Fiberglass\",\"url\":\"https:\/\/antalyafiberglass.com.tr\/\",\"logo\":{\"@type\":\"ImageObject\",\"inLanguage\":\"tr\",\"@id\":\"https:\/\/antalyafiberglass.com.tr\/#\/schema\/logo\/image\/\",\"url\":\"https:\/\/antalyafiberglass.com.tr\/wp-content\/uploads\/2026\/02\/express-fiberglass-hakkimizda.jp_-1.png\",\"contentUrl\":\"https:\/\/antalyafiberglass.com.tr\/wp-content\/uploads\/2026\/02\/express-fiberglass-hakkimizda.jp_-1.png\",\"width\":1024,\"height\":1024,\"caption\":\"Antalya Fiberglass\"},\"image\":{\"@id\":\"https:\/\/antalyafiberglass.com.tr\/#\/schema\/logo\/image\/\"},\"sameAs\":[\"https:\/\/www.facebook.com\/antalyafiberglass\"]}]}<\/script>\n<!-- \/ Yoast SEO plugin. -->","yoast_head_json":{"title":"Antalya Fiberglass \u00dcretimi | Tacettin Ayd\u0131m - Express Fiberglass","description":"Antalya fiberglass \u00fcretimi ve polyester imalat\u0131nda uzman kadromuzla hizmetinizdeyiz. Tacettin Ayd\u0131m liderli\u011finde fiber saks\u0131, su kayd\u0131ra\u011f\u0131","robots":{"index":"index","follow":"follow","max-snippet":"max-snippet:-1","max-image-preview":"max-image-preview:large","max-video-preview":"max-video-preview:-1"},"canonical":"https:\/\/antalyafiberglass.com.tr\/index.php\/antalya-fiberglass-uretimi\/","og_locale":"tr_TR","og_type":"article","og_title":"Antalya Fiberglass \u00dcretimi | Tacettin Ayd\u0131m - Express Fiberglass","og_description":"Antalya fiberglass \u00fcretimi ve polyester imalat\u0131nda uzman kadromuzla hizmetinizdeyiz. Tacettin Ayd\u0131m liderli\u011finde fiber saks\u0131, su kayd\u0131ra\u011f\u0131","og_url":"https:\/\/antalyafiberglass.com.tr\/index.php\/antalya-fiberglass-uretimi\/","og_site_name":"Antalya Fiberglass","article_publisher":"https:\/\/www.facebook.com\/antalyafiberglass","article_modified_time":"2026-02-21T01:22:48+00:00","og_image":[{"width":1024,"height":1024,"url":"https:\/\/antalyafiberglass.com.tr\/wp-content\/uploads\/2026\/02\/antalya-fiberglass-hakkinda.jpg-1.png","type":"image\/png"}],"twitter_card":"summary_large_image","twitter_misc":{"Tahmini okuma s\u00fcresi":"3 dakika"},"schema":{"@context":"https:\/\/schema.org","@graph":[{"@type":"WebPage","@id":"https:\/\/antalyafiberglass.com.tr\/index.php\/antalya-fiberglass-uretimi\/","url":"https:\/\/antalyafiberglass.com.tr\/index.php\/antalya-fiberglass-uretimi\/","name":"Antalya Fiberglass \u00dcretimi | Tacettin Ayd\u0131m - Express Fiberglass","isPartOf":{"@id":"https:\/\/antalyafiberglass.com.tr\/#website"},"primaryImageOfPage":{"@id":"https:\/\/antalyafiberglass.com.tr\/index.php\/antalya-fiberglass-uretimi\/#primaryimage"},"image":{"@id":"https:\/\/antalyafiberglass.com.tr\/index.php\/antalya-fiberglass-uretimi\/#primaryimage"},"thumbnailUrl":"https:\/\/antalyafiberglass.com.tr\/wp-content\/uploads\/2026\/02\/antalya-fiberglass-hakkinda.jpg-1.png","datePublished":"2026-02-19T23:22:19+00:00","dateModified":"2026-02-21T01:22:48+00:00","description":"Antalya fiberglass \u00fcretimi ve polyester imalat\u0131nda uzman kadromuzla hizmetinizdeyiz. Tacettin Ayd\u0131m liderli\u011finde fiber saks\u0131, su kayd\u0131ra\u011f\u0131","breadcrumb":{"@id":"https:\/\/antalyafiberglass.com.tr\/index.php\/antalya-fiberglass-uretimi\/#breadcrumb"},"inLanguage":"tr","potentialAction":[{"@type":"ReadAction","target":["https:\/\/antalyafiberglass.com.tr\/index.php\/antalya-fiberglass-uretimi\/"]}]},{"@type":"ImageObject","inLanguage":"tr","@id":"https:\/\/antalyafiberglass.com.tr\/index.php\/antalya-fiberglass-uretimi\/#primaryimage","url":"https:\/\/antalyafiberglass.com.tr\/wp-content\/uploads\/2026\/02\/antalya-fiberglass-hakkinda.jpg-1.png","contentUrl":"https:\/\/antalyafiberglass.com.tr\/wp-content\/uploads\/2026\/02\/antalya-fiberglass-hakkinda.jpg-1.png","width":1024,"height":1024,"caption":"Y\u00fcksek kapasiteli \u00fcretim hatt\u0131m\u0131z: Antalya'dan t\u00fcm T\u00fcrkiye'ye projeye \u00f6zel fiberglass \u00e7\u00f6z\u00fcmler."},{"@type":"BreadcrumbList","@id":"https:\/\/antalyafiberglass.com.tr\/index.php\/antalya-fiberglass-uretimi\/#breadcrumb","itemListElement":[{"@type":"ListItem","position":1,"name":"Anasayfa","item":"https:\/\/antalyafiberglass.com.tr\/"},{"@type":"ListItem","position":2,"name":"Hakk\u0131nda"}]},{"@type":"WebSite","@id":"https:\/\/antalyafiberglass.com.tr\/#website","url":"https:\/\/antalyafiberglass.com.tr\/","name":"Antalya Fiberglass","description":"","publisher":{"@id":"https:\/\/antalyafiberglass.com.tr\/#organization"},"potentialAction":[{"@type":"SearchAction","target":{"@type":"EntryPoint","urlTemplate":"https:\/\/antalyafiberglass.com.tr\/?s={search_term_string}"},"query-input":{"@type":"PropertyValueSpecification","valueRequired":true,"valueName":"search_term_string"}}],"inLanguage":"tr"},{"@type":"Organization","@id":"https:\/\/antalyafiberglass.com.tr\/#organization","name":"Antalya Fiberglass","url":"https:\/\/antalyafiberglass.com.tr\/","logo":{"@type":"ImageObject","inLanguage":"tr","@id":"https:\/\/antalyafiberglass.com.tr\/#\/schema\/logo\/image\/","url":"https:\/\/antalyafiberglass.com.tr\/wp-content\/uploads\/2026\/02\/express-fiberglass-hakkimizda.jp_-1.png","contentUrl":"https:\/\/antalyafiberglass.com.tr\/wp-content\/uploads\/2026\/02\/express-fiberglass-hakkimizda.jp_-1.png","width":1024,"height":1024,"caption":"Antalya Fiberglass"},"image":{"@id":"https:\/\/antalyafiberglass.com.tr\/#\/schema\/logo\/image\/"},"sameAs":["https:\/\/www.facebook.com\/antalyafiberglass"]}]}},"_links":{"self":[{"href":"https:\/\/antalyafiberglass.com.tr\/index.php\/wp-json\/wp\/v2\/pages\/7","targetHints":{"allow":["GET"]}}],"collection":[{"href":"https:\/\/antalyafiberglass.com.tr\/index.php\/wp-json\/wp\/v2\/pages"}],"about":[{"href":"https:\/\/antalyafiberglass.com.tr\/index.php\/wp-json\/wp\/v2\/types\/page"}],"author":[{"embeddable":true,"href":"https:\/\/antalyafiberglass.com.tr\/index.php\/wp-json\/wp\/v2\/users\/1"}],"replies":[{"embeddable":true,"href":"https:\/\/antalyafiberglass.com.tr\/index.php\/wp-json\/wp\/v2\/comments?post=7"}],"version-history":[{"count":5,"href":"https:\/\/antalyafiberglass.com.tr\/index.php\/wp-json\/wp\/v2\/pages\/7\/revisions"}],"predecessor-version":[{"id":166,"href":"https:\/\/antalyafiberglass.com.tr\/index.php\/wp-json\/wp\/v2\/pages\/7\/revisions\/166"}],"wp:featuredmedia":[{"embeddable":true,"href":"https:\/\/antalyafiberglass.com.tr\/index.php\/wp-json\/wp\/v2\/media\/95"}],"wp:attachment":[{"href":"https:\/\/antalyafiberglass.com.tr\/index.php\/wp-json\/wp\/v2\/media?parent=7"}],"curies":[{"name":"wp","href":"https:\/\/api.w.org\/{rel}","templated":true}]}}