{"id":22,"date":"2026-02-19T23:22:19","date_gmt":"2026-02-19T23:22:19","guid":{"rendered":"https:\/\/antalyafiberglass.com.tr\/?page_id=22"},"modified":"2026-03-17T21:20:09","modified_gmt":"2026-03-17T21:20:09","slug":"fiberglass-servis-ve-tamir-antalya","status":"publish","type":"page","link":"https:\/\/antalyafiberglass.com.tr\/index.php\/fiberglass-servis-ve-tamir-antalya\/","title":{"rendered":"Servis Onar\u0131m"},"content":{"rendered":"\n<h1 class=\"wp-block-heading\"><strong>F\u0130BERGLASS SERV\u0130S VE BAKIM H\u0130ZMETLER\u0130: ANTALYA\u2019NIN UZMAN DESTE\u011e\u0130<\/strong> \ud83d\udee0\ufe0f\ud83d\udca7<\/h1>\n\n\n\n<p><strong><a href=\"https:\/\/expressfiberglass.com\/\">Express Fiberglass<\/a><\/strong>, sadece \u00fcretim a\u015famas\u0131nda de\u011fil, sat\u0131\u015f sonras\u0131 <strong>fiberglass servis<\/strong> ve periyodik bak\u0131m s\u00fcre\u00e7lerinde de yan\u0131n\u0131zdad\u0131r. Antalya\u2019n\u0131n y\u00fcksek nem ve yo\u011fun g\u00fcne\u015f \u0131\u015f\u0131\u011f\u0131na maruz kalan kompozit yap\u0131lar\u0131, zamanla profesyonel bir dokunu\u015fa ihtiya\u00e7 duyar. <strong>\u00d6zellikle<\/strong> oteller, tatil k\u00f6yleri ve siteler i\u00e7in sundu\u011fumuz yerinde servis hizmetimizle, \u00fcr\u00fcnlerinizin \u00f6mr\u00fcn\u00fc uzat\u0131yoruz. <strong>Tacettin Ayd\u0131n<\/strong> ustam\u0131z\u0131n teknik denetiminde, t\u00fcm ar\u0131za ve deformasyonlara kal\u0131c\u0131 \u00e7\u00f6z\u00fcmler \u00fcretiyoruz. <strong>Buna ek olarak<\/strong>, sadece kendi \u00fcr\u00fcnlerimize de\u011fil, t\u00fcm fiberglass markalar\u0131na profesyonel destek sa\u011fl\u0131yoruz.<\/p>\n\n\n\n<h2 class=\"wp-block-heading\"><strong>Profesyonel Fiberglass Tamir ve Yenileme S\u00fcre\u00e7leri<\/strong><\/h2>\n\n\n\n<p>Zamanla \u00e7atlayan, rengi solan veya darbe alan polyester y\u00fczeyler estetik kayb\u0131n\u0131n yan\u0131 s\u0131ra yap\u0131sal riskler de ta\u015f\u0131r. <strong>\u0130lk olarak<\/strong>, hasarl\u0131 b\u00f6lgenin teknik analizini yaparak i\u015fe ba\u015fl\u0131yoruz. <strong>Ard\u0131ndan<\/strong>, b\u00f6lgeyi z\u0131mparalayarak y\u00fcksek mukavemetli cam elyaf takviyesi ile g\u00fc\u00e7lendiriyoruz. <strong>Buna kar\u015f\u0131n<\/strong>, s\u0131radan macun uygulamalar\u0131 k\u0131sa s\u00fcrede tekrar \u00e7atlar; biz ise ger\u00e7ek laminasyon tekniklerini kullan\u0131yoruz. <strong>Sonu\u00e7 olarak<\/strong>, onar\u0131lan b\u00f6lge eskisinden daha sa\u011flam bir yap\u0131ya kavu\u015fmaktad\u0131r.<\/p>\n\n\n\n<h3 class=\"wp-block-heading\"><strong>Sundu\u011fumuz Ba\u015fl\u0131ca Servis Hizmetleri:<\/strong><\/h3>\n\n\n\n<ul class=\"wp-block-list\">\n<li><strong>Jelkot (Gelcoat) Yenileme:<\/strong> Solmu\u015f y\u00fczeylere ilk g\u00fcnk\u00fc parlakl\u0131\u011f\u0131n\u0131 geri kazand\u0131r\u0131yoruz.<\/li>\n\n\n\n<li><strong>\u00c7atlak ve K\u0131r\u0131k Onar\u0131m\u0131:<\/strong> Darbe alm\u0131\u015f fiberglass g\u00f6vdeleri s\u0131zd\u0131rmaz hale getiriyoruz.<\/li>\n\n\n\n<li><strong>Su Kayd\u0131ra\u011f\u0131 Bak\u0131m\u0131:<\/strong> Aquapark ve havuz kayd\u0131raklar\u0131n\u0131n sezon \u00f6ncesi parlat\u0131lmas\u0131 ve g\u00fc\u00e7lendirilmesi.<\/li>\n\n\n\n<li><strong>Yerinde Montaj ve Demontaj:<\/strong> Dev boyutlu \u00fcr\u00fcnlerin nakliye ve kurulum s\u00fcre\u00e7lerini y\u00f6netiyoruz.<\/li>\n<\/ul>\n\n\n\n<hr class=\"wp-block-separator has-alpha-channel-opacity\"\/>\n\n\n\n<h2 class=\"wp-block-heading\"><strong>ANTALYA OTEL VE AQUAPARK BAKIM \u00c7\u00d6Z\u00dcMLER\u0130<\/strong><\/h2>\n\n\n\n<p><strong>\u00d6zellikle<\/strong> turizm sezonu \u00f6ncesinde yap\u0131lan bak\u0131mlar, sezon i\u00e7indeki b\u00fcy\u00fck ar\u0131zalar\u0131n \u00f6n\u00fcne ge\u00e7er. <strong>Express <a href=\"https:\/\/antalyafiberglass.com.tr\/index.php\/fiberglass-nedir-kullanim-alanlari\/\">Fiberglass<\/a><\/strong> olarak, Antalya genelindeki otellere y\u0131ll\u0131k bak\u0131m anla\u015fmalar\u0131 sunuyoruz. <strong>B\u00f6ylelikle<\/strong>, su kayd\u0131raklar\u0131ndan dekoratif objelere kadar t\u00fcm polyester envanteriniz her zaman yeni gibi kal\u0131r. <strong>Ayr\u0131ca<\/strong>, kayd\u0131raklardaki derz dolgu ve y\u00fczey p\u00fcr\u00fczs\u00fczle\u015ftirme i\u015flemlerimizle misafirlerinizin g\u00fcvenli\u011fini en \u00fcst seviyeye \u00e7\u0131kar\u0131yoruz. <strong>K\u0131sacas\u0131<\/strong>, profesyonel servis hizmetimizle i\u015fletmenizin prestijini koruyoruz.<\/p>\n\n\n\n<h2 class=\"wp-block-heading\"><strong>NEDEN B\u0130Z\u0130M SERV\u0130S\u0130M\u0130Z\u0130 TERC\u0130H ETMEL\u0130S\u0130N\u0130Z?<\/strong><\/h2>\n\n\n\n<p><strong>Sonu\u00e7 olarak<\/strong>, fiberglass uzmanl\u0131k gerektiren bir malzemedir ve yanl\u0131\u015f m\u00fcdahaleler geri d\u00f6n\u00fc\u015f\u00fc olmayan hasarlara yol a\u00e7abilir. <strong>Ancak<\/strong>, biz otomotiv standartlar\u0131nda ekipman ve birinci s\u0131n\u0131f hammadde kullanarak servis veriyoruz. <strong>Ayr\u0131ca<\/strong>, yapt\u0131\u011f\u0131m\u0131z t\u00fcm tamir ve bak\u0131m i\u015flemlerine i\u015f\u00e7ilik garantisi sa\u011fl\u0131yoruz. <strong>Zaten<\/strong>, h\u0131zl\u0131 servis a\u011f\u0131m\u0131z sayesinde Antalya\u2019n\u0131n her noktas\u0131na k\u0131sa s\u00fcrede ula\u015f\u0131yor ve <a href=\"https:\/\/antalyafiberglass.com.tr\/index.php\/iletisimantalya-fiberglass-iletisim-ve-adres\/\">i\u015finizi aksatmadan \u00e7\u00f6z\u00fcm<\/a>e kavu\u015fturuyoruz.<\/p>\n\n\n\n<figure class=\"wp-block-image size-full\"><img loading=\"lazy\" decoding=\"async\" width=\"1024\" height=\"1024\" src=\"https:\/\/antalyafiberglass.com.tr\/wp-content\/uploads\/2026\/03\/antalya-fiberglass-ustasi-is-basinda.jpg.png\" alt=\"Antalya Fiberglass Servis ve Su Kayd\u0131ra\u011f\u0131 Dekorasyon Saks\u0131 Kubbe Tavan Tamir Bak\u0131m\u0131 Onar\u0131m S\u00fcre\u00e7leri\" class=\"wp-image-254\" srcset=\"https:\/\/antalyafiberglass.com.tr\/wp-content\/uploads\/2026\/03\/antalya-fiberglass-ustasi-is-basinda.jpg.png 1024w, https:\/\/antalyafiberglass.com.tr\/wp-content\/uploads\/2026\/03\/antalya-fiberglass-ustasi-is-basinda.jpg-300x300.png 300w, https:\/\/antalyafiberglass.com.tr\/wp-content\/uploads\/2026\/03\/antalya-fiberglass-ustasi-is-basinda.jpg-150x150.png 150w, https:\/\/antalyafiberglass.com.tr\/wp-content\/uploads\/2026\/03\/antalya-fiberglass-ustasi-is-basinda.jpg-768x768.png 768w\" sizes=\"auto, (max-width: 1024px) 100vw, 1024px\" \/><\/figure>\n","protected":false},"excerpt":{"rendered":"<p>F\u0130BERGLASS SERV\u0130S VE BAKIM H\u0130ZMETLER\u0130: ANTALYA\u2019NIN UZMAN DESTE\u011e\u0130 \ud83d\udee0\ufe0f\ud83d\udca7 Express Fiberglass, sadece \u00fcretim a\u015famas\u0131nda de\u011fil, sat\u0131\u015f sonras\u0131 fiberglass servis ve periyodik bak\u0131m s\u00fcre\u00e7lerinde de yan\u0131n\u0131zdad\u0131r. Antalya\u2019n\u0131n y\u00fcksek nem ve yo\u011fun&hellip;<\/p>\n","protected":false},"author":1,"featured_media":252,"parent":0,"menu_order":0,"comment_status":"closed","ping_status":"closed","template":"","meta":{"footnotes":""},"class_list":["post-22","page","type-page","status-publish","has-post-thumbnail","hentry"],"yoast_head":"<!-- This site is optimized with the Yoast SEO plugin v27.2 - https:\/\/yoast.com\/product\/yoast-seo-wordpress\/ -->\n<title>Fiberglass Servis ve Tamir Hizmetleri | Antalya Polyester Bak\u0131m<\/title>\n<meta name=\"description\" content=\"Antalya&#039;da profesyonel fiberglass servis, tamir ve bak\u0131m hizmetleri. Su kayd\u0131ra\u011f\u0131 yenileme, jelkot parlatma ve yerinde onar\u0131m.\" \/>\n<meta name=\"robots\" content=\"index, follow, max-snippet:-1, max-image-preview:large, max-video-preview:-1\" \/>\n<link rel=\"canonical\" href=\"https:\/\/antalyafiberglass.com.tr\/index.php\/fiberglass-servis-ve-tamir-antalya\/\" \/>\n<meta property=\"og:locale\" content=\"tr_TR\" \/>\n<meta property=\"og:type\" content=\"article\" \/>\n<meta property=\"og:title\" content=\"Fiberglass Servis ve Tamir Hizmetleri | Antalya Polyester Bak\u0131m\" \/>\n<meta property=\"og:description\" content=\"Antalya&#039;da profesyonel fiberglass servis, tamir ve bak\u0131m hizmetleri. Su kayd\u0131ra\u011f\u0131 yenileme, jelkot parlatma ve yerinde onar\u0131m.\" \/>\n<meta property=\"og:url\" content=\"https:\/\/antalyafiberglass.com.tr\/index.php\/fiberglass-servis-ve-tamir-antalya\/\" \/>\n<meta property=\"og:site_name\" content=\"Antalya Fiberglass\" \/>\n<meta property=\"article:publisher\" content=\"https:\/\/www.facebook.com\/antalyafiberglass\" \/>\n<meta property=\"article:modified_time\" content=\"2026-03-17T21:20:09+00:00\" \/>\n<meta property=\"og:image\" content=\"https:\/\/antalyafiberglass.com.tr\/wp-content\/uploads\/2026\/03\/antalyafiberglassrevizyon.png\" \/>\n\t<meta property=\"og:image:width\" content=\"1024\" \/>\n\t<meta property=\"og:image:height\" content=\"1024\" \/>\n\t<meta property=\"og:image:type\" content=\"image\/png\" \/>\n<meta name=\"twitter:card\" content=\"summary_large_image\" \/>\n<meta name=\"twitter:label1\" content=\"Tahmini okuma s\u00fcresi\" \/>\n\t<meta name=\"twitter:data1\" content=\"3 dakika\" \/>\n<script type=\"application\/ld+json\" class=\"yoast-schema-graph\">{\"@context\":\"https:\/\/schema.org\",\"@graph\":[{\"@type\":\"WebPage\",\"@id\":\"https:\/\/antalyafiberglass.com.tr\/index.php\/fiberglass-servis-ve-tamir-antalya\/\",\"url\":\"https:\/\/antalyafiberglass.com.tr\/index.php\/fiberglass-servis-ve-tamir-antalya\/\",\"name\":\"Fiberglass Servis ve Tamir Hizmetleri | Antalya Polyester Bak\u0131m\",\"isPartOf\":{\"@id\":\"https:\/\/antalyafiberglass.com.tr\/#website\"},\"primaryImageOfPage\":{\"@id\":\"https:\/\/antalyafiberglass.com.tr\/index.php\/fiberglass-servis-ve-tamir-antalya\/#primaryimage\"},\"image\":{\"@id\":\"https:\/\/antalyafiberglass.com.tr\/index.php\/fiberglass-servis-ve-tamir-antalya\/#primaryimage\"},\"thumbnailUrl\":\"https:\/\/antalyafiberglass.com.tr\/wp-content\/uploads\/2026\/03\/antalyafiberglassrevizyon.png\",\"datePublished\":\"2026-02-19T23:22:19+00:00\",\"dateModified\":\"2026-03-17T21:20:09+00:00\",\"description\":\"Antalya'da profesyonel fiberglass servis, tamir ve bak\u0131m hizmetleri. Su kayd\u0131ra\u011f\u0131 yenileme, jelkot parlatma ve yerinde onar\u0131m.\",\"breadcrumb\":{\"@id\":\"https:\/\/antalyafiberglass.com.tr\/index.php\/fiberglass-servis-ve-tamir-antalya\/#breadcrumb\"},\"inLanguage\":\"tr\",\"potentialAction\":[{\"@type\":\"ReadAction\",\"target\":[\"https:\/\/antalyafiberglass.com.tr\/index.php\/fiberglass-servis-ve-tamir-antalya\/\"]}]},{\"@type\":\"ImageObject\",\"inLanguage\":\"tr\",\"@id\":\"https:\/\/antalyafiberglass.com.tr\/index.php\/fiberglass-servis-ve-tamir-antalya\/#primaryimage\",\"url\":\"https:\/\/antalyafiberglass.com.tr\/wp-content\/uploads\/2026\/03\/antalyafiberglassrevizyon.png\",\"contentUrl\":\"https:\/\/antalyafiberglass.com.tr\/wp-content\/uploads\/2026\/03\/antalyafiberglassrevizyon.png\",\"width\":1024,\"height\":1024,\"caption\":\"Profesyonel Fiberglass Onar\u0131m ve Yenileme | Express Fiberglass\"},{\"@type\":\"BreadcrumbList\",\"@id\":\"https:\/\/antalyafiberglass.com.tr\/index.php\/fiberglass-servis-ve-tamir-antalya\/#breadcrumb\",\"itemListElement\":[{\"@type\":\"ListItem\",\"position\":1,\"name\":\"Anasayfa\",\"item\":\"https:\/\/antalyafiberglass.com.tr\/\"},{\"@type\":\"ListItem\",\"position\":2,\"name\":\"Servis Onar\u0131m\"}]},{\"@type\":\"WebSite\",\"@id\":\"https:\/\/antalyafiberglass.com.tr\/#website\",\"url\":\"https:\/\/antalyafiberglass.com.tr\/\",\"name\":\"Antalya Fiberglass\",\"description\":\"\",\"publisher\":{\"@id\":\"https:\/\/antalyafiberglass.com.tr\/#organization\"},\"potentialAction\":[{\"@type\":\"SearchAction\",\"target\":{\"@type\":\"EntryPoint\",\"urlTemplate\":\"https:\/\/antalyafiberglass.com.tr\/?s={search_term_string}\"},\"query-input\":{\"@type\":\"PropertyValueSpecification\",\"valueRequired\":true,\"valueName\":\"search_term_string\"}}],\"inLanguage\":\"tr\"},{\"@type\":\"Organization\",\"@id\":\"https:\/\/antalyafiberglass.com.tr\/#organization\",\"name\":\"Antalya Fiberglass\",\"url\":\"https:\/\/antalyafiberglass.com.tr\/\",\"logo\":{\"@type\":\"ImageObject\",\"inLanguage\":\"tr\",\"@id\":\"https:\/\/antalyafiberglass.com.tr\/#\/schema\/logo\/image\/\",\"url\":\"https:\/\/antalyafiberglass.com.tr\/wp-content\/uploads\/2026\/02\/express-fiberglass-hakkimizda.jp_-1.png\",\"contentUrl\":\"https:\/\/antalyafiberglass.com.tr\/wp-content\/uploads\/2026\/02\/express-fiberglass-hakkimizda.jp_-1.png\",\"width\":1024,\"height\":1024,\"caption\":\"Antalya Fiberglass\"},\"image\":{\"@id\":\"https:\/\/antalyafiberglass.com.tr\/#\/schema\/logo\/image\/\"},\"sameAs\":[\"https:\/\/www.facebook.com\/antalyafiberglass\"]}]}<\/script>\n<!-- \/ Yoast SEO plugin. -->","yoast_head_json":{"title":"Fiberglass Servis ve Tamir Hizmetleri | Antalya Polyester Bak\u0131m","description":"Antalya'da profesyonel fiberglass servis, tamir ve bak\u0131m hizmetleri. Su kayd\u0131ra\u011f\u0131 yenileme, jelkot parlatma ve yerinde onar\u0131m.","robots":{"index":"index","follow":"follow","max-snippet":"max-snippet:-1","max-image-preview":"max-image-preview:large","max-video-preview":"max-video-preview:-1"},"canonical":"https:\/\/antalyafiberglass.com.tr\/index.php\/fiberglass-servis-ve-tamir-antalya\/","og_locale":"tr_TR","og_type":"article","og_title":"Fiberglass Servis ve Tamir Hizmetleri | Antalya Polyester Bak\u0131m","og_description":"Antalya'da profesyonel fiberglass servis, tamir ve bak\u0131m hizmetleri. Su kayd\u0131ra\u011f\u0131 yenileme, jelkot parlatma ve yerinde onar\u0131m.","og_url":"https:\/\/antalyafiberglass.com.tr\/index.php\/fiberglass-servis-ve-tamir-antalya\/","og_site_name":"Antalya Fiberglass","article_publisher":"https:\/\/www.facebook.com\/antalyafiberglass","article_modified_time":"2026-03-17T21:20:09+00:00","og_image":[{"width":1024,"height":1024,"url":"https:\/\/antalyafiberglass.com.tr\/wp-content\/uploads\/2026\/03\/antalyafiberglassrevizyon.png","type":"image\/png"}],"twitter_card":"summary_large_image","twitter_misc":{"Tahmini okuma s\u00fcresi":"3 dakika"},"schema":{"@context":"https:\/\/schema.org","@graph":[{"@type":"WebPage","@id":"https:\/\/antalyafiberglass.com.tr\/index.php\/fiberglass-servis-ve-tamir-antalya\/","url":"https:\/\/antalyafiberglass.com.tr\/index.php\/fiberglass-servis-ve-tamir-antalya\/","name":"Fiberglass Servis ve Tamir Hizmetleri | Antalya Polyester Bak\u0131m","isPartOf":{"@id":"https:\/\/antalyafiberglass.com.tr\/#website"},"primaryImageOfPage":{"@id":"https:\/\/antalyafiberglass.com.tr\/index.php\/fiberglass-servis-ve-tamir-antalya\/#primaryimage"},"image":{"@id":"https:\/\/antalyafiberglass.com.tr\/index.php\/fiberglass-servis-ve-tamir-antalya\/#primaryimage"},"thumbnailUrl":"https:\/\/antalyafiberglass.com.tr\/wp-content\/uploads\/2026\/03\/antalyafiberglassrevizyon.png","datePublished":"2026-02-19T23:22:19+00:00","dateModified":"2026-03-17T21:20:09+00:00","description":"Antalya'da profesyonel fiberglass servis, tamir ve bak\u0131m hizmetleri. Su kayd\u0131ra\u011f\u0131 yenileme, jelkot parlatma ve yerinde onar\u0131m.","breadcrumb":{"@id":"https:\/\/antalyafiberglass.com.tr\/index.php\/fiberglass-servis-ve-tamir-antalya\/#breadcrumb"},"inLanguage":"tr","potentialAction":[{"@type":"ReadAction","target":["https:\/\/antalyafiberglass.com.tr\/index.php\/fiberglass-servis-ve-tamir-antalya\/"]}]},{"@type":"ImageObject","inLanguage":"tr","@id":"https:\/\/antalyafiberglass.com.tr\/index.php\/fiberglass-servis-ve-tamir-antalya\/#primaryimage","url":"https:\/\/antalyafiberglass.com.tr\/wp-content\/uploads\/2026\/03\/antalyafiberglassrevizyon.png","contentUrl":"https:\/\/antalyafiberglass.com.tr\/wp-content\/uploads\/2026\/03\/antalyafiberglassrevizyon.png","width":1024,"height":1024,"caption":"Profesyonel Fiberglass Onar\u0131m ve Yenileme | Express Fiberglass"},{"@type":"BreadcrumbList","@id":"https:\/\/antalyafiberglass.com.tr\/index.php\/fiberglass-servis-ve-tamir-antalya\/#breadcrumb","itemListElement":[{"@type":"ListItem","position":1,"name":"Anasayfa","item":"https:\/\/antalyafiberglass.com.tr\/"},{"@type":"ListItem","position":2,"name":"Servis Onar\u0131m"}]},{"@type":"WebSite","@id":"https:\/\/antalyafiberglass.com.tr\/#website","url":"https:\/\/antalyafiberglass.com.tr\/","name":"Antalya Fiberglass","description":"","publisher":{"@id":"https:\/\/antalyafiberglass.com.tr\/#organization"},"potentialAction":[{"@type":"SearchAction","target":{"@type":"EntryPoint","urlTemplate":"https:\/\/antalyafiberglass.com.tr\/?s={search_term_string}"},"query-input":{"@type":"PropertyValueSpecification","valueRequired":true,"valueName":"search_term_string"}}],"inLanguage":"tr"},{"@type":"Organization","@id":"https:\/\/antalyafiberglass.com.tr\/#organization","name":"Antalya Fiberglass","url":"https:\/\/antalyafiberglass.com.tr\/","logo":{"@type":"ImageObject","inLanguage":"tr","@id":"https:\/\/antalyafiberglass.com.tr\/#\/schema\/logo\/image\/","url":"https:\/\/antalyafiberglass.com.tr\/wp-content\/uploads\/2026\/02\/express-fiberglass-hakkimizda.jp_-1.png","contentUrl":"https:\/\/antalyafiberglass.com.tr\/wp-content\/uploads\/2026\/02\/express-fiberglass-hakkimizda.jp_-1.png","width":1024,"height":1024,"caption":"Antalya Fiberglass"},"image":{"@id":"https:\/\/antalyafiberglass.com.tr\/#\/schema\/logo\/image\/"},"sameAs":["https:\/\/www.facebook.com\/antalyafiberglass"]}]}},"_links":{"self":[{"href":"https:\/\/antalyafiberglass.com.tr\/index.php\/wp-json\/wp\/v2\/pages\/22","targetHints":{"allow":["GET"]}}],"collection":[{"href":"https:\/\/antalyafiberglass.com.tr\/index.php\/wp-json\/wp\/v2\/pages"}],"about":[{"href":"https:\/\/antalyafiberglass.com.tr\/index.php\/wp-json\/wp\/v2\/types\/page"}],"author":[{"embeddable":true,"href":"https:\/\/antalyafiberglass.com.tr\/index.php\/wp-json\/wp\/v2\/users\/1"}],"replies":[{"embeddable":true,"href":"https:\/\/antalyafiberglass.com.tr\/index.php\/wp-json\/wp\/v2\/comments?post=22"}],"version-history":[{"count":4,"href":"https:\/\/antalyafiberglass.com.tr\/index.php\/wp-json\/wp\/v2\/pages\/22\/revisions"}],"predecessor-version":[{"id":257,"href":"https:\/\/antalyafiberglass.com.tr\/index.php\/wp-json\/wp\/v2\/pages\/22\/revisions\/257"}],"wp:featuredmedia":[{"embeddable":true,"href":"https:\/\/antalyafiberglass.com.tr\/index.php\/wp-json\/wp\/v2\/media\/252"}],"wp:attachment":[{"href":"https:\/\/antalyafiberglass.com.tr\/index.php\/wp-json\/wp\/v2\/media?parent=22"}],"curies":[{"name":"wp","href":"https:\/\/api.w.org\/{rel}","templated":true}]}}