{"id":17,"date":"2026-02-19T23:22:19","date_gmt":"2026-02-19T23:22:19","guid":{"rendered":"https:\/\/antalyafiberglass.com.tr\/?page_id=17"},"modified":"2026-03-16T20:14:55","modified_gmt":"2026-03-16T20:14:55","slug":"antalya-polyester-imalati","status":"publish","type":"page","link":"https:\/\/antalyafiberglass.com.tr\/index.php\/antalya-polyester-imalati\/","title":{"rendered":"Polyester"},"content":{"rendered":"\n<h1 class=\"wp-block-heading\"><strong>ANTALYA POLYESTER \u0130MALATI: DAYANIKLI VE ESTET\u0130K KOMPOZ\u0130T \u00c7\u00d6Z\u00dcMLER<\/strong> \ud83d\udc8e<\/h1>\n\n\n\n<p><strong>Antalya polyester<\/strong> sekt\u00f6r\u00fcnde y\u0131llar\u0131n verdi\u011fi tecr\u00fcbe ile en zorlu projeleri hayata ge\u00e7iriyoruz. <a href=\"https:\/\/antalyafiberglass.com.tr\/index.php\/fiberglass-nedir-kullanim-alanlari\/\">Fiberglass <\/a>(CTP) teknolojisi, g\u00fcn\u00fcm\u00fczde in\u015faattan reklamc\u0131l\u0131\u011fa kadar her alanda devrim yaratm\u0131\u015ft\u0131r. <strong>\u00d6zellikle<\/strong> dayan\u0131kl\u0131l\u0131k ve hafiflik arayan i\u015fletmeler i\u00e7in polyester en do\u011fru tercihtir. <strong>Express Fiberglass<\/strong> olarak bizler, <strong>Tacettin Ayd\u0131n<\/strong> ustam\u0131z\u0131n liderli\u011finde, Antalya\u2019n\u0131n iklim \u015fartlar\u0131na en uygun \u00fcr\u00fcnleri imal ediyoruz. <strong>Buna ek olarak<\/strong>, modern \u00fcretim tesisimizde hem seri \u00fcretim hem de butik tasar\u0131mlar yapmaktay\u0131z.<\/p>\n\n\n\n<h2 class=\"wp-block-heading\"><strong>Neden Polyester (CTP) Malzeme Tercih Edilmelidir?<\/strong><\/h2>\n\n\n\n<p>Polyester malzeme, geleneksel metallere veya ah\u015faba g\u00f6re bir\u00e7ok \u00fcst\u00fcnl\u00fc\u011fe sahiptir. <strong>\u0130lk olarak<\/strong>, korozyona yani paslanmaya kar\u015f\u0131 %100 diren\u00e7lidir. <strong>Buna kar\u015f\u0131n<\/strong>, metal \u00fcr\u00fcnler Antalya\u2019n\u0131n nemli havas\u0131nda k\u0131sa s\u00fcrede \u00e7\u00fcr\u00fcmeye ba\u015flar. <strong>Ayr\u0131ca<\/strong>, polyester \u00fcr\u00fcnler g\u00fcne\u015fin zararl\u0131 UV \u0131\u015f\u0131nlar\u0131ndan etkilenmezler. <strong>Sonu\u00e7 olarak<\/strong>, bak\u0131m maliyetleri d\u00fc\u015f\u00fckt\u00fcr ve kullan\u0131m \u00f6m\u00fcrleri \u00e7ok uzundur. <strong>K\u0131sacas\u0131<\/strong>, bir kez yat\u0131r\u0131m yaparak y\u0131llarca sorunsuz kullanabilece\u011finiz \u00fcr\u00fcnlere sahip olursunuz.<\/p>\n\n\n\n<h3 class=\"wp-block-heading\"><strong>Geni\u015f \u00dcretim Yelpazesi ve \u00d6zel Tasar\u0131mlar<\/strong><\/h3>\n\n\n\n<p><strong>\u00d6zellikle<\/strong> i\u015fletmenizin ihtiya\u00e7 duydu\u011fu her t\u00fcrl\u00fc formu polyester ile ger\u00e7e\u011fe d\u00f6n\u00fc\u015ft\u00fcrebiliriz. \u00dcretti\u011fimiz ba\u015fl\u0131ca \u00fcr\u00fcnler \u015funlard\u0131r:<\/p>\n\n\n\n<ul class=\"wp-block-list\">\n<li>Devasa reklam maketleri ve fuar stantlar\u0131<\/li>\n\n\n\n<li>Modern ve \u015f\u0131k <a href=\"https:\/\/antalyafiberglass.com.tr\/index.php\/saksi\/\">saks\u0131 modelleri<\/a><\/li>\n\n\n\n<li>Mimari kubbeler ve dekoratif objeler<\/li>\n\n\n\n<li>End\u00fcstriyel tanklar ve su depolar\u0131<\/li>\n\n\n\n<li>Otel ve kafeler i\u00e7in oturma gruplar\u0131<\/li>\n<\/ul>\n\n\n\n<p><strong>Antalya polyester<\/strong> imalat s\u00fcrecimizde her a\u015fama titizlikle kontrol edilmektedir. <strong>Zaten<\/strong>, kalite standartlar\u0131m\u0131zdan asla \u00f6d\u00fcn vermiyoruz. Kal\u0131ptan boyaya kadar her detayda kusursuzlu\u011fu hedefliyoruz.<\/p>\n\n\n\n<h2 class=\"wp-block-heading\"><strong>Antalya\u2019n\u0131n \u00d6nc\u00fc Polyester Firmas\u0131: Express Fiberglass<\/strong><\/h2>\n\n\n\n<p><strong>Sonu\u00e7 olarak<\/strong>, projeniz ne kadar karma\u015f\u0131k olursa olsun biz yan\u0131n\u0131zday\u0131z. \u0130sterseniz bir teknik \u00e7izim g\u00f6nderin, isterseniz sadece hayal edin. <a href=\"https:\/\/expressfiberglass.com\/\"><strong>Express Fiberglass<\/strong> ekibi<\/a> olarak biz, hayallerinizi fiberglass\u0131n g\u00fcc\u00fcyle somutla\u015ft\u0131r\u0131yoruz. <strong>Ayr\u0131ca<\/strong>, yerinde ke\u015fif hizmetimizle en do\u011fru \u00f6l\u00e7\u00fcleri alarak hatal\u0131 \u00fcretimin \u00f6n\u00fcne ge\u00e7iyoruz. <strong>B\u00f6ylelikle<\/strong>, zaman ve maliyet tasarrufu sa\u011flam\u0131\u015f oluyorsunuz.<\/p>\n\n\n\n<figure class=\"wp-block-image size-full\"><img loading=\"lazy\" decoding=\"async\" width=\"1024\" height=\"1024\" src=\"https:\/\/antalyafiberglass.com.tr\/wp-content\/uploads\/2026\/02\/antalya-fiberglass-hakkinda.jpg-1.png\" alt=\"Antalya Express Fiberglass \u00fcretim tesisinde boydan boya dizilmi\u015f fiber saks\u0131 ve polyester kal\u0131p imalat \u00fcr\u00fcnleri.\" class=\"wp-image-95\" srcset=\"https:\/\/antalyafiberglass.com.tr\/wp-content\/uploads\/2026\/02\/antalya-fiberglass-hakkinda.jpg-1.png 1024w, https:\/\/antalyafiberglass.com.tr\/wp-content\/uploads\/2026\/02\/antalya-fiberglass-hakkinda.jpg-1-300x300.png 300w, https:\/\/antalyafiberglass.com.tr\/wp-content\/uploads\/2026\/02\/antalya-fiberglass-hakkinda.jpg-1-150x150.png 150w, https:\/\/antalyafiberglass.com.tr\/wp-content\/uploads\/2026\/02\/antalya-fiberglass-hakkinda.jpg-1-768x768.png 768w\" sizes=\"auto, (max-width: 1024px) 100vw, 1024px\" \/><figcaption class=\"wp-element-caption\">Y\u00fcksek kapasiteli \u00fcretim hatt\u0131m\u0131z: Antalya&#8217;dan t\u00fcm T\u00fcrkiye&#8217;ye projeye \u00f6zel fiberglass \u00e7\u00f6z\u00fcmler.<\/figcaption><\/figure>\n","protected":false},"excerpt":{"rendered":"<p>ANTALYA POLYESTER \u0130MALATI: DAYANIKLI VE ESTET\u0130K KOMPOZ\u0130T \u00c7\u00d6Z\u00dcMLER \ud83d\udc8e Antalya polyester sekt\u00f6r\u00fcnde y\u0131llar\u0131n verdi\u011fi tecr\u00fcbe ile en zorlu projeleri hayata ge\u00e7iriyoruz. Fiberglass (CTP) teknolojisi, g\u00fcn\u00fcm\u00fczde in\u015faattan reklamc\u0131l\u0131\u011fa kadar her alanda&hellip;<\/p>\n","protected":false},"author":1,"featured_media":148,"parent":0,"menu_order":0,"comment_status":"closed","ping_status":"closed","template":"","meta":{"footnotes":""},"class_list":["post-17","page","type-page","status-publish","has-post-thumbnail","hentry"],"yoast_head":"<!-- This site is optimized with the Yoast SEO plugin v27.2 - https:\/\/yoast.com\/product\/yoast-seo-wordpress\/ -->\n<title>Antalya Polyester \u0130malat\u0131 | Express Fiberglass \u00dcretim Tesisi<\/title>\n<meta name=\"description\" content=\"Antalya&#039;da profesyonel polyester (fiberglass) imalat\u0131. Tacettin Usta kalitesiyle reklam maketleri, saks\u0131lar ve \u00f6zel CTP projeler\" \/>\n<meta name=\"robots\" content=\"index, follow, max-snippet:-1, max-image-preview:large, max-video-preview:-1\" \/>\n<link rel=\"canonical\" href=\"https:\/\/antalyafiberglass.com.tr\/index.php\/antalya-polyester-imalati\/\" \/>\n<meta property=\"og:locale\" content=\"tr_TR\" \/>\n<meta property=\"og:type\" content=\"article\" \/>\n<meta property=\"og:title\" content=\"Antalya Polyester \u0130malat\u0131 | Express Fiberglass \u00dcretim Tesisi\" \/>\n<meta property=\"og:description\" content=\"Antalya&#039;da profesyonel polyester (fiberglass) imalat\u0131. Tacettin Usta kalitesiyle reklam maketleri, saks\u0131lar ve \u00f6zel CTP projeler\" \/>\n<meta property=\"og:url\" content=\"https:\/\/antalyafiberglass.com.tr\/index.php\/antalya-polyester-imalati\/\" \/>\n<meta property=\"og:site_name\" content=\"Antalya Fiberglass\" \/>\n<meta property=\"article:publisher\" content=\"https:\/\/www.facebook.com\/antalyafiberglass\" \/>\n<meta property=\"article:modified_time\" content=\"2026-03-16T20:14:55+00:00\" \/>\n<meta property=\"og:image\" content=\"https:\/\/antalyafiberglass.com.tr\/wp-content\/uploads\/2026\/02\/otelbakimiantalyafiberglassurunler.jpg.png\" \/>\n\t<meta property=\"og:image:width\" content=\"1024\" \/>\n\t<meta property=\"og:image:height\" content=\"1024\" \/>\n\t<meta property=\"og:image:type\" content=\"image\/png\" \/>\n<meta name=\"twitter:card\" content=\"summary_large_image\" \/>\n<meta name=\"twitter:label1\" content=\"Tahmini okuma s\u00fcresi\" \/>\n\t<meta name=\"twitter:data1\" content=\"3 dakika\" \/>\n<script type=\"application\/ld+json\" class=\"yoast-schema-graph\">{\"@context\":\"https:\/\/schema.org\",\"@graph\":[{\"@type\":\"WebPage\",\"@id\":\"https:\/\/antalyafiberglass.com.tr\/index.php\/antalya-polyester-imalati\/\",\"url\":\"https:\/\/antalyafiberglass.com.tr\/index.php\/antalya-polyester-imalati\/\",\"name\":\"Antalya Polyester \u0130malat\u0131 | Express Fiberglass \u00dcretim Tesisi\",\"isPartOf\":{\"@id\":\"https:\/\/antalyafiberglass.com.tr\/#website\"},\"primaryImageOfPage\":{\"@id\":\"https:\/\/antalyafiberglass.com.tr\/index.php\/antalya-polyester-imalati\/#primaryimage\"},\"image\":{\"@id\":\"https:\/\/antalyafiberglass.com.tr\/index.php\/antalya-polyester-imalati\/#primaryimage\"},\"thumbnailUrl\":\"https:\/\/antalyafiberglass.com.tr\/wp-content\/uploads\/2026\/02\/otelbakimiantalyafiberglassurunler.jpg.png\",\"datePublished\":\"2026-02-19T23:22:19+00:00\",\"dateModified\":\"2026-03-16T20:14:55+00:00\",\"description\":\"Antalya'da profesyonel polyester (fiberglass) imalat\u0131. Tacettin Usta kalitesiyle reklam maketleri, saks\u0131lar ve \u00f6zel CTP projeler\",\"breadcrumb\":{\"@id\":\"https:\/\/antalyafiberglass.com.tr\/index.php\/antalya-polyester-imalati\/#breadcrumb\"},\"inLanguage\":\"tr\",\"potentialAction\":[{\"@type\":\"ReadAction\",\"target\":[\"https:\/\/antalyafiberglass.com.tr\/index.php\/antalya-polyester-imalati\/\"]}]},{\"@type\":\"ImageObject\",\"inLanguage\":\"tr\",\"@id\":\"https:\/\/antalyafiberglass.com.tr\/index.php\/antalya-polyester-imalati\/#primaryimage\",\"url\":\"https:\/\/antalyafiberglass.com.tr\/wp-content\/uploads\/2026\/02\/otelbakimiantalyafiberglassurunler.jpg.png\",\"contentUrl\":\"https:\/\/antalyafiberglass.com.tr\/wp-content\/uploads\/2026\/02\/otelbakimiantalyafiberglassurunler.jpg.png\",\"width\":1024,\"height\":1024,\"caption\":\"Y\u0131pranm\u0131\u015f y\u00fczeylerden modern tasar\u0131mlara: Express Dekorasyon ile profesyonel revizyon.\"},{\"@type\":\"BreadcrumbList\",\"@id\":\"https:\/\/antalyafiberglass.com.tr\/index.php\/antalya-polyester-imalati\/#breadcrumb\",\"itemListElement\":[{\"@type\":\"ListItem\",\"position\":1,\"name\":\"Anasayfa\",\"item\":\"https:\/\/antalyafiberglass.com.tr\/\"},{\"@type\":\"ListItem\",\"position\":2,\"name\":\"Polyester\"}]},{\"@type\":\"WebSite\",\"@id\":\"https:\/\/antalyafiberglass.com.tr\/#website\",\"url\":\"https:\/\/antalyafiberglass.com.tr\/\",\"name\":\"Antalya Fiberglass\",\"description\":\"\",\"publisher\":{\"@id\":\"https:\/\/antalyafiberglass.com.tr\/#organization\"},\"potentialAction\":[{\"@type\":\"SearchAction\",\"target\":{\"@type\":\"EntryPoint\",\"urlTemplate\":\"https:\/\/antalyafiberglass.com.tr\/?s={search_term_string}\"},\"query-input\":{\"@type\":\"PropertyValueSpecification\",\"valueRequired\":true,\"valueName\":\"search_term_string\"}}],\"inLanguage\":\"tr\"},{\"@type\":\"Organization\",\"@id\":\"https:\/\/antalyafiberglass.com.tr\/#organization\",\"name\":\"Antalya Fiberglass\",\"url\":\"https:\/\/antalyafiberglass.com.tr\/\",\"logo\":{\"@type\":\"ImageObject\",\"inLanguage\":\"tr\",\"@id\":\"https:\/\/antalyafiberglass.com.tr\/#\/schema\/logo\/image\/\",\"url\":\"https:\/\/antalyafiberglass.com.tr\/wp-content\/uploads\/2026\/02\/express-fiberglass-hakkimizda.jp_-1.png\",\"contentUrl\":\"https:\/\/antalyafiberglass.com.tr\/wp-content\/uploads\/2026\/02\/express-fiberglass-hakkimizda.jp_-1.png\",\"width\":1024,\"height\":1024,\"caption\":\"Antalya Fiberglass\"},\"image\":{\"@id\":\"https:\/\/antalyafiberglass.com.tr\/#\/schema\/logo\/image\/\"},\"sameAs\":[\"https:\/\/www.facebook.com\/antalyafiberglass\"]}]}<\/script>\n<!-- \/ Yoast SEO plugin. -->","yoast_head_json":{"title":"Antalya Polyester \u0130malat\u0131 | Express Fiberglass \u00dcretim Tesisi","description":"Antalya'da profesyonel polyester (fiberglass) imalat\u0131. Tacettin Usta kalitesiyle reklam maketleri, saks\u0131lar ve \u00f6zel CTP projeler","robots":{"index":"index","follow":"follow","max-snippet":"max-snippet:-1","max-image-preview":"max-image-preview:large","max-video-preview":"max-video-preview:-1"},"canonical":"https:\/\/antalyafiberglass.com.tr\/index.php\/antalya-polyester-imalati\/","og_locale":"tr_TR","og_type":"article","og_title":"Antalya Polyester \u0130malat\u0131 | Express Fiberglass \u00dcretim Tesisi","og_description":"Antalya'da profesyonel polyester (fiberglass) imalat\u0131. Tacettin Usta kalitesiyle reklam maketleri, saks\u0131lar ve \u00f6zel CTP projeler","og_url":"https:\/\/antalyafiberglass.com.tr\/index.php\/antalya-polyester-imalati\/","og_site_name":"Antalya Fiberglass","article_publisher":"https:\/\/www.facebook.com\/antalyafiberglass","article_modified_time":"2026-03-16T20:14:55+00:00","og_image":[{"width":1024,"height":1024,"url":"https:\/\/antalyafiberglass.com.tr\/wp-content\/uploads\/2026\/02\/otelbakimiantalyafiberglassurunler.jpg.png","type":"image\/png"}],"twitter_card":"summary_large_image","twitter_misc":{"Tahmini okuma s\u00fcresi":"3 dakika"},"schema":{"@context":"https:\/\/schema.org","@graph":[{"@type":"WebPage","@id":"https:\/\/antalyafiberglass.com.tr\/index.php\/antalya-polyester-imalati\/","url":"https:\/\/antalyafiberglass.com.tr\/index.php\/antalya-polyester-imalati\/","name":"Antalya Polyester \u0130malat\u0131 | Express Fiberglass \u00dcretim Tesisi","isPartOf":{"@id":"https:\/\/antalyafiberglass.com.tr\/#website"},"primaryImageOfPage":{"@id":"https:\/\/antalyafiberglass.com.tr\/index.php\/antalya-polyester-imalati\/#primaryimage"},"image":{"@id":"https:\/\/antalyafiberglass.com.tr\/index.php\/antalya-polyester-imalati\/#primaryimage"},"thumbnailUrl":"https:\/\/antalyafiberglass.com.tr\/wp-content\/uploads\/2026\/02\/otelbakimiantalyafiberglassurunler.jpg.png","datePublished":"2026-02-19T23:22:19+00:00","dateModified":"2026-03-16T20:14:55+00:00","description":"Antalya'da profesyonel polyester (fiberglass) imalat\u0131. Tacettin Usta kalitesiyle reklam maketleri, saks\u0131lar ve \u00f6zel CTP projeler","breadcrumb":{"@id":"https:\/\/antalyafiberglass.com.tr\/index.php\/antalya-polyester-imalati\/#breadcrumb"},"inLanguage":"tr","potentialAction":[{"@type":"ReadAction","target":["https:\/\/antalyafiberglass.com.tr\/index.php\/antalya-polyester-imalati\/"]}]},{"@type":"ImageObject","inLanguage":"tr","@id":"https:\/\/antalyafiberglass.com.tr\/index.php\/antalya-polyester-imalati\/#primaryimage","url":"https:\/\/antalyafiberglass.com.tr\/wp-content\/uploads\/2026\/02\/otelbakimiantalyafiberglassurunler.jpg.png","contentUrl":"https:\/\/antalyafiberglass.com.tr\/wp-content\/uploads\/2026\/02\/otelbakimiantalyafiberglassurunler.jpg.png","width":1024,"height":1024,"caption":"Y\u0131pranm\u0131\u015f y\u00fczeylerden modern tasar\u0131mlara: Express Dekorasyon ile profesyonel revizyon."},{"@type":"BreadcrumbList","@id":"https:\/\/antalyafiberglass.com.tr\/index.php\/antalya-polyester-imalati\/#breadcrumb","itemListElement":[{"@type":"ListItem","position":1,"name":"Anasayfa","item":"https:\/\/antalyafiberglass.com.tr\/"},{"@type":"ListItem","position":2,"name":"Polyester"}]},{"@type":"WebSite","@id":"https:\/\/antalyafiberglass.com.tr\/#website","url":"https:\/\/antalyafiberglass.com.tr\/","name":"Antalya Fiberglass","description":"","publisher":{"@id":"https:\/\/antalyafiberglass.com.tr\/#organization"},"potentialAction":[{"@type":"SearchAction","target":{"@type":"EntryPoint","urlTemplate":"https:\/\/antalyafiberglass.com.tr\/?s={search_term_string}"},"query-input":{"@type":"PropertyValueSpecification","valueRequired":true,"valueName":"search_term_string"}}],"inLanguage":"tr"},{"@type":"Organization","@id":"https:\/\/antalyafiberglass.com.tr\/#organization","name":"Antalya Fiberglass","url":"https:\/\/antalyafiberglass.com.tr\/","logo":{"@type":"ImageObject","inLanguage":"tr","@id":"https:\/\/antalyafiberglass.com.tr\/#\/schema\/logo\/image\/","url":"https:\/\/antalyafiberglass.com.tr\/wp-content\/uploads\/2026\/02\/express-fiberglass-hakkimizda.jp_-1.png","contentUrl":"https:\/\/antalyafiberglass.com.tr\/wp-content\/uploads\/2026\/02\/express-fiberglass-hakkimizda.jp_-1.png","width":1024,"height":1024,"caption":"Antalya Fiberglass"},"image":{"@id":"https:\/\/antalyafiberglass.com.tr\/#\/schema\/logo\/image\/"},"sameAs":["https:\/\/www.facebook.com\/antalyafiberglass"]}]}},"_links":{"self":[{"href":"https:\/\/antalyafiberglass.com.tr\/index.php\/wp-json\/wp\/v2\/pages\/17","targetHints":{"allow":["GET"]}}],"collection":[{"href":"https:\/\/antalyafiberglass.com.tr\/index.php\/wp-json\/wp\/v2\/pages"}],"about":[{"href":"https:\/\/antalyafiberglass.com.tr\/index.php\/wp-json\/wp\/v2\/types\/page"}],"author":[{"embeddable":true,"href":"https:\/\/antalyafiberglass.com.tr\/index.php\/wp-json\/wp\/v2\/users\/1"}],"replies":[{"embeddable":true,"href":"https:\/\/antalyafiberglass.com.tr\/index.php\/wp-json\/wp\/v2\/comments?post=17"}],"version-history":[{"count":4,"href":"https:\/\/antalyafiberglass.com.tr\/index.php\/wp-json\/wp\/v2\/pages\/17\/revisions"}],"predecessor-version":[{"id":230,"href":"https:\/\/antalyafiberglass.com.tr\/index.php\/wp-json\/wp\/v2\/pages\/17\/revisions\/230"}],"wp:featuredmedia":[{"embeddable":true,"href":"https:\/\/antalyafiberglass.com.tr\/index.php\/wp-json\/wp\/v2\/media\/148"}],"wp:attachment":[{"href":"https:\/\/antalyafiberglass.com.tr\/index.php\/wp-json\/wp\/v2\/media?parent=17"}],"curies":[{"name":"wp","href":"https:\/\/api.w.org\/{rel}","templated":true}]}}